{"id":1000,"date":"2024-06-14T12:28:23","date_gmt":"2024-06-14T10:28:23","guid":{"rendered":"https:\/\/projekt.weinhofkager.com\/wohnen-beim-winzer\/gewuerztraminer\/"},"modified":"2024-12-19T14:33:17","modified_gmt":"2024-12-19T13:33:17","slug":"gewuerztraminer","status":"publish","type":"page","link":"https:\/\/www.weinhofkager.com\/it\/vivere-con-il-viticoltore\/gewuerztraminer\/","title":{"rendered":"Gew\u00fcrztraminer"},"content":{"rendered":"","protected":false},"excerpt":{"rendered":"","protected":false},"author":1,"featured_media":0,"parent":996,"menu_order":3,"comment_status":"closed","ping_status":"closed","template":"template-unterseiten.php","meta":{"_acf_changed":false,"footnotes":""},"class_list":["post-1000","page","type-page","status-publish","hentry"],"acf":[],"yoast_head":"<!-- This site is optimized with the Yoast SEO plugin v23.0 - https:\/\/yoast.com\/wordpress\/plugins\/seo\/ -->\n<title>Appartamento vacanze Gew\u00fcrztraminer Missiano - Comfort Relax<\/title>\n<meta name=\"description\" content=\"Provate l&#039;appartamento vacanze Gew\u00fcrztraminer a Missiano. Con due camere da letto, un balcone soleggiato e molti extra, \u00e8 il luogo perfetto per le vostre vacanze.\" \/>\n<meta name=\"robots\" content=\"index, follow, max-snippet:-1, max-image-preview:large, max-video-preview:-1\" \/>\n<link rel=\"canonical\" href=\"https:\/\/www.weinhofkager.com\/it\/vivere-con-il-viticoltore\/gewuerztraminer\/\" \/>\n<meta property=\"og:locale\" content=\"it_IT\" \/>\n<meta property=\"og:type\" content=\"article\" \/>\n<meta property=\"og:title\" content=\"Appartamento vacanze Gew\u00fcrztraminer Missiano - Comfort Relax\" \/>\n<meta property=\"og:description\" content=\"Provate l&#039;appartamento vacanze Gew\u00fcrztraminer a Missiano. Con due camere da letto, un balcone soleggiato e molti extra, \u00e8 il luogo perfetto per le vostre vacanze.\" \/>\n<meta property=\"og:url\" content=\"https:\/\/www.weinhofkager.com\/it\/vivere-con-il-viticoltore\/gewuerztraminer\/\" \/>\n<meta property=\"og:site_name\" content=\"Weinhof Kager\" \/>\n<meta property=\"article:modified_time\" content=\"2024-12-19T13:33:17+00:00\" \/>\n<meta name=\"twitter:card\" content=\"summary_large_image\" \/>\n<meta name=\"twitter:label1\" content=\"Tempo di lettura stimato\" \/>\n\t<meta name=\"twitter:data1\" content=\"10 minuti\" \/>\n<script type=\"application\/ld+json\" class=\"yoast-schema-graph\">{\"@context\":\"https:\/\/schema.org\",\"@graph\":[{\"@type\":\"WebPage\",\"@id\":\"https:\/\/www.weinhofkager.com\/it\/vivere-con-il-viticoltore\/gewuerztraminer\/\",\"url\":\"https:\/\/www.weinhofkager.com\/it\/vivere-con-il-viticoltore\/gewuerztraminer\/\",\"name\":\"Appartamento vacanze Gew\u00fcrztraminer Missiano - Comfort Relax\",\"isPartOf\":{\"@id\":\"https:\/\/www.weinhofkager.com\/it\/#website\"},\"datePublished\":\"2024-06-14T10:28:23+00:00\",\"dateModified\":\"2024-12-19T13:33:17+00:00\",\"description\":\"Provate l'appartamento vacanze Gew\u00fcrztraminer a Missiano. Con due camere da letto, un balcone soleggiato e molti extra, \u00e8 il luogo perfetto per le vostre vacanze.\",\"breadcrumb\":{\"@id\":\"https:\/\/www.weinhofkager.com\/it\/vivere-con-il-viticoltore\/gewuerztraminer\/#breadcrumb\"},\"inLanguage\":\"it-IT\",\"potentialAction\":[{\"@type\":\"ReadAction\",\"target\":[\"https:\/\/www.weinhofkager.com\/it\/vivere-con-il-viticoltore\/gewuerztraminer\/\"]}]},{\"@type\":\"BreadcrumbList\",\"@id\":\"https:\/\/www.weinhofkager.com\/it\/vivere-con-il-viticoltore\/gewuerztraminer\/#breadcrumb\",\"itemListElement\":[{\"@type\":\"ListItem\",\"position\":1,\"name\":\"Startseite\",\"item\":\"https:\/\/www.weinhofkager.com\/it\/\"},{\"@type\":\"ListItem\",\"position\":2,\"name\":\"Vivere con il viticoltore\",\"item\":\"https:\/\/www.weinhofkager.com\/it\/vivere-con-il-viticoltore\/\"},{\"@type\":\"ListItem\",\"position\":3,\"name\":\"Gew\u00fcrztraminer\"}]},{\"@type\":\"WebSite\",\"@id\":\"https:\/\/www.weinhofkager.com\/it\/#website\",\"url\":\"https:\/\/www.weinhofkager.com\/it\/\",\"name\":\"Weinhof Kager\",\"description\":\"Missian\",\"potentialAction\":[{\"@type\":\"SearchAction\",\"target\":{\"@type\":\"EntryPoint\",\"urlTemplate\":\"https:\/\/www.weinhofkager.com\/it\/?s={search_term_string}\"},\"query-input\":\"required name=search_term_string\"}],\"inLanguage\":\"it-IT\"}]}<\/script>\n<!-- \/ Yoast SEO plugin. -->","yoast_head_json":{"title":"Appartamento vacanze Gew\u00fcrztraminer Missiano - Comfort Relax","description":"Provate l'appartamento vacanze Gew\u00fcrztraminer a Missiano. Con due camere da letto, un balcone soleggiato e molti extra, \u00e8 il luogo perfetto per le vostre vacanze.","robots":{"index":"index","follow":"follow","max-snippet":"max-snippet:-1","max-image-preview":"max-image-preview:large","max-video-preview":"max-video-preview:-1"},"canonical":"https:\/\/www.weinhofkager.com\/it\/vivere-con-il-viticoltore\/gewuerztraminer\/","og_locale":"it_IT","og_type":"article","og_title":"Appartamento vacanze Gew\u00fcrztraminer Missiano - Comfort Relax","og_description":"Provate l'appartamento vacanze Gew\u00fcrztraminer a Missiano. Con due camere da letto, un balcone soleggiato e molti extra, \u00e8 il luogo perfetto per le vostre vacanze.","og_url":"https:\/\/www.weinhofkager.com\/it\/vivere-con-il-viticoltore\/gewuerztraminer\/","og_site_name":"Weinhof Kager","article_modified_time":"2024-12-19T13:33:17+00:00","twitter_card":"summary_large_image","twitter_misc":{"Tempo di lettura stimato":"10 minuti"},"schema":{"@context":"https:\/\/schema.org","@graph":[{"@type":"WebPage","@id":"https:\/\/www.weinhofkager.com\/it\/vivere-con-il-viticoltore\/gewuerztraminer\/","url":"https:\/\/www.weinhofkager.com\/it\/vivere-con-il-viticoltore\/gewuerztraminer\/","name":"Appartamento vacanze Gew\u00fcrztraminer Missiano - Comfort Relax","isPartOf":{"@id":"https:\/\/www.weinhofkager.com\/it\/#website"},"datePublished":"2024-06-14T10:28:23+00:00","dateModified":"2024-12-19T13:33:17+00:00","description":"Provate l'appartamento vacanze Gew\u00fcrztraminer a Missiano. Con due camere da letto, un balcone soleggiato e molti extra, \u00e8 il luogo perfetto per le vostre vacanze.","breadcrumb":{"@id":"https:\/\/www.weinhofkager.com\/it\/vivere-con-il-viticoltore\/gewuerztraminer\/#breadcrumb"},"inLanguage":"it-IT","potentialAction":[{"@type":"ReadAction","target":["https:\/\/www.weinhofkager.com\/it\/vivere-con-il-viticoltore\/gewuerztraminer\/"]}]},{"@type":"BreadcrumbList","@id":"https:\/\/www.weinhofkager.com\/it\/vivere-con-il-viticoltore\/gewuerztraminer\/#breadcrumb","itemListElement":[{"@type":"ListItem","position":1,"name":"Startseite","item":"https:\/\/www.weinhofkager.com\/it\/"},{"@type":"ListItem","position":2,"name":"Vivere con il viticoltore","item":"https:\/\/www.weinhofkager.com\/it\/vivere-con-il-viticoltore\/"},{"@type":"ListItem","position":3,"name":"Gew\u00fcrztraminer"}]},{"@type":"WebSite","@id":"https:\/\/www.weinhofkager.com\/it\/#website","url":"https:\/\/www.weinhofkager.com\/it\/","name":"Weinhof Kager","description":"Missian","potentialAction":[{"@type":"SearchAction","target":{"@type":"EntryPoint","urlTemplate":"https:\/\/www.weinhofkager.com\/it\/?s={search_term_string}"},"query-input":"required name=search_term_string"}],"inLanguage":"it-IT"}]}},"jetpack_sharing_enabled":true,"_links":{"self":[{"href":"https:\/\/www.weinhofkager.com\/it\/wp-json\/wp\/v2\/pages\/1000","targetHints":{"allow":["GET"]}}],"collection":[{"href":"https:\/\/www.weinhofkager.com\/it\/wp-json\/wp\/v2\/pages"}],"about":[{"href":"https:\/\/www.weinhofkager.com\/it\/wp-json\/wp\/v2\/types\/page"}],"author":[{"embeddable":true,"href":"https:\/\/www.weinhofkager.com\/it\/wp-json\/wp\/v2\/users\/1"}],"replies":[{"embeddable":true,"href":"https:\/\/www.weinhofkager.com\/it\/wp-json\/wp\/v2\/comments?post=1000"}],"version-history":[{"count":5,"href":"https:\/\/www.weinhofkager.com\/it\/wp-json\/wp\/v2\/pages\/1000\/revisions"}],"predecessor-version":[{"id":1277,"href":"https:\/\/www.weinhofkager.com\/it\/wp-json\/wp\/v2\/pages\/1000\/revisions\/1277"}],"up":[{"embeddable":true,"href":"https:\/\/www.weinhofkager.com\/it\/wp-json\/wp\/v2\/pages\/996"}],"wp:attachment":[{"href":"https:\/\/www.weinhofkager.com\/it\/wp-json\/wp\/v2\/media?parent=1000"}],"curies":[{"name":"wp","href":"https:\/\/api.w.org\/{rel}","templated":true}]}}